{"id":8538,"date":"2014-07-14T17:28:29","date_gmt":"2014-07-14T15:28:29","guid":{"rendered":"https:\/\/www.sementibruni.com\/termini-e-condizioni-di-uso\/"},"modified":"2020-11-15T13:26:53","modified_gmt":"2020-11-15T12:26:53","slug":"termini-e-condizioni-di-uso","status":"publish","type":"page","link":"https:\/\/www.sementibruni.com\/en\/termini-e-condizioni-di-uso\/","title":{"rendered":"GENERAL CONDITIONS OF SALE"},"content":{"rendered":"<h1>GENERAL CONDITIONS OF SALE<\/h1>\n<h3>Spedizioni<\/h3>\n<p>Se la spedizione viene effettuata tramite nostri mezzi, non verr\u00e0 chiesto nessun contributo. Nel caso la spedizione \u00e8 effettuata tramite corriere \u00e8 richiesto un contributo pari alla met\u00e0 del costo del trasporto.<\/p>\n<h3>Ordini<\/h3>\n<p>All&#8217;atto dell&#8217;ordine il Committente accetto le nostre Condizioni generali di vendita, che sono sempre intese salvo il buon rientro dello merce dai luoghi di provenienza. \u00e8 sempre gradita una visita in sede. Le sementi e i bulbi offerti in questo listino si intendono del nuovo raccolto con germinazione e purezza a termini di legge.<\/p>\n<h3>Reclami<\/h3>\n<p>I reclami non saranno presi in considerazione nel caso in cui l&#8217;acquirente abbia aperto i colli o manomesse le confezioni e\/o i sigilli. I reclami saranno validi solo se presentati a mezzo Fax o Posta elettronica Certificata nei termini seguenti:<\/p>\n<p><strong>Quantit\u00e0 della merce:<\/strong> entro otto giorni<\/p>\n<p><strong>Facolt\u00e0 germinativa:<\/strong> entro quarantacinque giorni successivi al ricevimento della merce; la validit\u00e0 del reclamo dovr\u00e0 essere comprovata con certificato di analisi effettuato da una\u00a0 stazione ufficiale su campioni prelevati o in contraddittorio fra le parti o da campioni-<em>prelevatori<\/em> ufficiali o da confezioni sigillate dal venditore.<\/p>\n<p><strong>Autenticit\u00e0 e purezza varietale<\/strong>: il reclamo deve essere presentato entro il normale periodo di semina e di controllo, immediatamente successivi al ricevimento del seme. In nessun caso e in particolare per ci\u00f2 che concerne l\u2019autenticit\u00e0 e la purezza varietale, la responsabilit\u00e0 del venditore\u00a0 non potr\u00e0 essere superiore al valore della merce contestata, comprese le spese, giustificate conseguentemente all&#8217;invio e al ritorno delle sementi.<\/p>\n<h3>Pagamenti<\/h3>\n<p>Devono essere fatti entro i termini stabiliti dall&#8217;articolo 62 comma 1 del decreto legge 24\/01\/2012 n\u00b01 convertito con modificazioni della legge 24\/03\/2012 n\u00b027, le modalit\u00e0 di pagamento vengono concordate al momento dell&#8217;ordine con l&#8217;azienda. In nessun caso sono ammessi sconti o arrotondamenti.<\/p>\n","protected":false},"excerpt":{"rendered":"<p>GENERAL CONDITIONS OF SALE Spedizioni Se la spedizione viene effettuata tramite nostri mezzi, non verr\u00e0 chiesto nessun contributo. Nel caso la spedizione \u00e8 effettuata tramite corriere \u00e8 richiesto un contributo pari alla met\u00e0 del costo del trasporto. Ordini All&#8217;atto dell&#8217;ordine il Committente accetto le nostre&#8230;<\/p>\n","protected":false},"author":1,"featured_media":0,"parent":0,"menu_order":21,"comment_status":"closed","ping_status":"closed","template":"","meta":{"footnotes":""},"class_list":["post-8538","page","type-page","status-publish","hentry"],"yoast_head":"<!-- This site is optimized with the Yoast SEO plugin v26.9 - https:\/\/yoast.com\/product\/yoast-seo-wordpress\/ -->\n<title>Termini e condizioni d&#039;uso<\/title>\n<meta name=\"description\" content=\"I nostri termini e condizioni d&#039;uso\" \/>\n<meta name=\"robots\" content=\"noindex, follow\" \/>\n<meta property=\"og:locale\" content=\"en_US\" \/>\n<meta property=\"og:type\" content=\"article\" \/>\n<meta property=\"og:title\" content=\"Termini e condizioni d&#039;uso\" \/>\n<meta property=\"og:description\" content=\"I nostri termini e condizioni d&#039;uso\" \/>\n<meta property=\"og:url\" content=\"https:\/\/www.sementibruni.com\/en\/termini-e-condizioni-di-uso\/\" \/>\n<meta property=\"og:site_name\" content=\"Sementi Bruni\" \/>\n<meta property=\"article:modified_time\" content=\"2020-11-15T12:26:53+00:00\" \/>\n<meta name=\"twitter:label1\" content=\"Est. reading time\" \/>\n\t<meta name=\"twitter:data1\" content=\"1 minute\" \/>\n<script type=\"application\/ld+json\" class=\"yoast-schema-graph\">{\"@context\":\"https:\/\/schema.org\",\"@graph\":[{\"@type\":\"WebPage\",\"@id\":\"https:\/\/www.sementibruni.com\/en\/termini-e-condizioni-di-uso\/\",\"url\":\"https:\/\/www.sementibruni.com\/en\/termini-e-condizioni-di-uso\/\",\"name\":\"Termini e condizioni d'uso\",\"isPartOf\":{\"@id\":\"https:\/\/www.sementibruni.com\/#website\"},\"datePublished\":\"2014-07-14T15:28:29+00:00\",\"dateModified\":\"2020-11-15T12:26:53+00:00\",\"description\":\"I nostri termini e condizioni d'uso\",\"breadcrumb\":{\"@id\":\"https:\/\/www.sementibruni.com\/en\/termini-e-condizioni-di-uso\/#breadcrumb\"},\"inLanguage\":\"en-US\",\"potentialAction\":[{\"@type\":\"ReadAction\",\"target\":[\"https:\/\/www.sementibruni.com\/en\/termini-e-condizioni-di-uso\/\"]}]},{\"@type\":\"BreadcrumbList\",\"@id\":\"https:\/\/www.sementibruni.com\/en\/termini-e-condizioni-di-uso\/#breadcrumb\",\"itemListElement\":[{\"@type\":\"ListItem\",\"position\":1,\"name\":\"Home\",\"item\":\"https:\/\/www.sementibruni.com\/en\/\"},{\"@type\":\"ListItem\",\"position\":2,\"name\":\"GENERAL CONDITIONS OF SALE\"}]},{\"@type\":\"WebSite\",\"@id\":\"https:\/\/www.sementibruni.com\/#website\",\"url\":\"https:\/\/www.sementibruni.com\/\",\"name\":\"Sementi Bruni\",\"description\":\"Sementi da orto per grossisti e negozi\",\"publisher\":{\"@id\":\"https:\/\/www.sementibruni.com\/#organization\"},\"potentialAction\":[{\"@type\":\"SearchAction\",\"target\":{\"@type\":\"EntryPoint\",\"urlTemplate\":\"https:\/\/www.sementibruni.com\/?s={search_term_string}\"},\"query-input\":{\"@type\":\"PropertyValueSpecification\",\"valueRequired\":true,\"valueName\":\"search_term_string\"}}],\"inLanguage\":\"en-US\"},{\"@type\":\"Organization\",\"@id\":\"https:\/\/www.sementibruni.com\/#organization\",\"name\":\"Sementi Bruni\",\"url\":\"https:\/\/www.sementibruni.com\/\",\"logo\":{\"@type\":\"ImageObject\",\"inLanguage\":\"en-US\",\"@id\":\"https:\/\/www.sementibruni.com\/#\/schema\/logo\/image\/\",\"url\":\"https:\/\/www.sementibruni.com\/wp-content\/uploads\/2018\/07\/Logo-Sementi-Bruni.png\",\"contentUrl\":\"https:\/\/www.sementibruni.com\/wp-content\/uploads\/2018\/07\/Logo-Sementi-Bruni.png\",\"width\":300,\"height\":300,\"caption\":\"Sementi Bruni\"},\"image\":{\"@id\":\"https:\/\/www.sementibruni.com\/#\/schema\/logo\/image\/\"}}]}<\/script>\n<!-- \/ Yoast SEO plugin. -->","yoast_head_json":{"title":"Termini e condizioni d'uso","description":"I nostri termini e condizioni d'uso","robots":{"index":"noindex","follow":"follow"},"og_locale":"en_US","og_type":"article","og_title":"Termini e condizioni d'uso","og_description":"I nostri termini e condizioni d'uso","og_url":"https:\/\/www.sementibruni.com\/en\/termini-e-condizioni-di-uso\/","og_site_name":"Sementi Bruni","article_modified_time":"2020-11-15T12:26:53+00:00","twitter_misc":{"Est. reading time":"1 minute"},"schema":{"@context":"https:\/\/schema.org","@graph":[{"@type":"WebPage","@id":"https:\/\/www.sementibruni.com\/en\/termini-e-condizioni-di-uso\/","url":"https:\/\/www.sementibruni.com\/en\/termini-e-condizioni-di-uso\/","name":"Termini e condizioni d'uso","isPartOf":{"@id":"https:\/\/www.sementibruni.com\/#website"},"datePublished":"2014-07-14T15:28:29+00:00","dateModified":"2020-11-15T12:26:53+00:00","description":"I nostri termini e condizioni d'uso","breadcrumb":{"@id":"https:\/\/www.sementibruni.com\/en\/termini-e-condizioni-di-uso\/#breadcrumb"},"inLanguage":"en-US","potentialAction":[{"@type":"ReadAction","target":["https:\/\/www.sementibruni.com\/en\/termini-e-condizioni-di-uso\/"]}]},{"@type":"BreadcrumbList","@id":"https:\/\/www.sementibruni.com\/en\/termini-e-condizioni-di-uso\/#breadcrumb","itemListElement":[{"@type":"ListItem","position":1,"name":"Home","item":"https:\/\/www.sementibruni.com\/en\/"},{"@type":"ListItem","position":2,"name":"GENERAL CONDITIONS OF SALE"}]},{"@type":"WebSite","@id":"https:\/\/www.sementibruni.com\/#website","url":"https:\/\/www.sementibruni.com\/","name":"Sementi Bruni","description":"Sementi da orto per grossisti e negozi","publisher":{"@id":"https:\/\/www.sementibruni.com\/#organization"},"potentialAction":[{"@type":"SearchAction","target":{"@type":"EntryPoint","urlTemplate":"https:\/\/www.sementibruni.com\/?s={search_term_string}"},"query-input":{"@type":"PropertyValueSpecification","valueRequired":true,"valueName":"search_term_string"}}],"inLanguage":"en-US"},{"@type":"Organization","@id":"https:\/\/www.sementibruni.com\/#organization","name":"Sementi Bruni","url":"https:\/\/www.sementibruni.com\/","logo":{"@type":"ImageObject","inLanguage":"en-US","@id":"https:\/\/www.sementibruni.com\/#\/schema\/logo\/image\/","url":"https:\/\/www.sementibruni.com\/wp-content\/uploads\/2018\/07\/Logo-Sementi-Bruni.png","contentUrl":"https:\/\/www.sementibruni.com\/wp-content\/uploads\/2018\/07\/Logo-Sementi-Bruni.png","width":300,"height":300,"caption":"Sementi Bruni"},"image":{"@id":"https:\/\/www.sementibruni.com\/#\/schema\/logo\/image\/"}}]}},"_links":{"self":[{"href":"https:\/\/www.sementibruni.com\/en\/wp-json\/wp\/v2\/pages\/8538","targetHints":{"allow":["GET"]}}],"collection":[{"href":"https:\/\/www.sementibruni.com\/en\/wp-json\/wp\/v2\/pages"}],"about":[{"href":"https:\/\/www.sementibruni.com\/en\/wp-json\/wp\/v2\/types\/page"}],"author":[{"embeddable":true,"href":"https:\/\/www.sementibruni.com\/en\/wp-json\/wp\/v2\/users\/1"}],"replies":[{"embeddable":true,"href":"https:\/\/www.sementibruni.com\/en\/wp-json\/wp\/v2\/comments?post=8538"}],"version-history":[{"count":2,"href":"https:\/\/www.sementibruni.com\/en\/wp-json\/wp\/v2\/pages\/8538\/revisions"}],"predecessor-version":[{"id":8540,"href":"https:\/\/www.sementibruni.com\/en\/wp-json\/wp\/v2\/pages\/8538\/revisions\/8540"}],"wp:attachment":[{"href":"https:\/\/www.sementibruni.com\/en\/wp-json\/wp\/v2\/media?parent=8538"}],"curies":[{"name":"wp","href":"https:\/\/api.w.org\/{rel}","templated":true}]}}